{"id":2,"date":"2024-03-05T12:49:50","date_gmt":"2024-03-05T12:49:50","guid":{"rendered":"https:\/\/demo.lxp.fi\/tyopaja\/?page_id=2"},"modified":"2024-06-06T09:11:54","modified_gmt":"2024-06-06T06:11:54","slug":"sample-page","status":"publish","type":"page","link":"https:\/\/demo.lxp.fi\/tyopaja\/","title":{"rendered":"Etusivu"},"content":{"rendered":"\n<figure class=\"wp-block-image size-full\"><img loading=\"lazy\" decoding=\"async\" width=\"1600\" height=\"833\" src=\"https:\/\/demo.lxp.fi\/tyopaja\/wp-content\/uploads\/sites\/5\/2024\/03\/mobie_study_demo_alusta_esittelykuva.png\" alt=\"\" class=\"wp-image-96\" srcset=\"https:\/\/demo.lxp.fi\/tyopaja\/wp-content\/uploads\/sites\/5\/2024\/03\/mobie_study_demo_alusta_esittelykuva.png 1600w, https:\/\/demo.lxp.fi\/tyopaja\/wp-content\/uploads\/sites\/5\/2024\/03\/mobie_study_demo_alusta_esittelykuva-300x156.png 300w, https:\/\/demo.lxp.fi\/tyopaja\/wp-content\/uploads\/sites\/5\/2024\/03\/mobie_study_demo_alusta_esittelykuva-1024x533.png 1024w, https:\/\/demo.lxp.fi\/tyopaja\/wp-content\/uploads\/sites\/5\/2024\/03\/mobie_study_demo_alusta_esittelykuva-768x400.png 768w, https:\/\/demo.lxp.fi\/tyopaja\/wp-content\/uploads\/sites\/5\/2024\/03\/mobie_study_demo_alusta_esittelykuva-1536x800.png 1536w, https:\/\/demo.lxp.fi\/tyopaja\/wp-content\/uploads\/sites\/5\/2024\/03\/mobie_study_demo_alusta_esittelykuva-624x325.png 624w\" sizes=\"auto, (max-width: 1600px) 100vw, 1600px\" \/><\/figure>\n\n\n\n<h2 class=\"wp-block-heading\">Tervetuloa Mobie Oy:n uuteen teko\u00e4lyavusteiseen oppimisymp\u00e4rist\u00f6\u00f6n!<\/h2>\n\n\n\n<p class=\"has-medium-font-size\">Olet juuri saapunut uuteen OnEdu AI -oppimisymp\u00e4rist\u00f6\u00f6n. L\u00f6yd\u00e4t oppimisymp\u00e4rist\u00f6st\u00e4 mallikursseja vasemmanpuoleisesta valikosta \u201cOmat kurssit\u201d -linkin takaa. Tutustu oppimisymp\u00e4rist\u00f6\u00f6n sek\u00e4 sen teko\u00e4lypohjaisiin ty\u00f6kaluihin ja kerro meille, mit\u00e4 ajatuksia sinulle her\u00e4si!<\/p>\n\n\n\n<p>Kun katsot oppimisymp\u00e4rist\u00f6\u00e4 tietokoneella, l\u00f6yd\u00e4t vasemmasta valikosta kaikki sinun oppimiseesi ja oppimisymp\u00e4rist\u00f6n hallinnointiin liittyv\u00e4t linkit, keskelt\u00e4 ylh\u00e4\u00e4lt\u00e4 muutoin sivustolla navigoimiseen liittyv\u00e4t sivut ja ylh\u00e4\u00e4lt\u00e4 oikealta sinun profiilisi sek\u00e4 siihen liittyv\u00e4t asetukset. Mobiilissa l\u00f6yd\u00e4t kaikki linkit vasemman yl\u00e4valikon takaa.<\/p>\n","protected":false},"excerpt":{"rendered":"<p>Tervetuloa Mobie Oy:n uuteen teko\u00e4lyavusteiseen oppimisymp\u00e4rist\u00f6\u00f6n! Olet juuri saapunut uuteen OnEdu AI -oppimisymp\u00e4rist\u00f6\u00f6n. L\u00f6yd\u00e4t oppimisymp\u00e4rist\u00f6st\u00e4 mallikursseja vasemmanpuoleisesta valikosta \u201cOmat kurssit\u201d -linkin takaa. Tutustu oppimisymp\u00e4rist\u00f6\u00f6n sek\u00e4&hellip;<\/p>\n","protected":false},"author":2,"featured_media":0,"parent":0,"menu_order":0,"comment_status":"closed","ping_status":"open","template":"","meta":{"footnotes":""},"class_list":["post-2","page","type-page","status-publish","hentry"],"_links":{"self":[{"href":"https:\/\/demo.lxp.fi\/tyopaja\/wp-json\/wp\/v2\/pages\/2","targetHints":{"allow":["GET"]}}],"collection":[{"href":"https:\/\/demo.lxp.fi\/tyopaja\/wp-json\/wp\/v2\/pages"}],"about":[{"href":"https:\/\/demo.lxp.fi\/tyopaja\/wp-json\/wp\/v2\/types\/page"}],"author":[{"embeddable":true,"href":"https:\/\/demo.lxp.fi\/tyopaja\/wp-json\/wp\/v2\/users\/2"}],"replies":[{"embeddable":true,"href":"https:\/\/demo.lxp.fi\/tyopaja\/wp-json\/wp\/v2\/comments?post=2"}],"version-history":[{"count":9,"href":"https:\/\/demo.lxp.fi\/tyopaja\/wp-json\/wp\/v2\/pages\/2\/revisions"}],"predecessor-version":[{"id":2061,"href":"https:\/\/demo.lxp.fi\/tyopaja\/wp-json\/wp\/v2\/pages\/2\/revisions\/2061"}],"wp:attachment":[{"href":"https:\/\/demo.lxp.fi\/tyopaja\/wp-json\/wp\/v2\/media?parent=2"}],"curies":[{"name":"wp","href":"https:\/\/api.w.org\/{rel}","templated":true}]}}