{"id":2,"date":"2025-09-01T10:52:17","date_gmt":"2025-09-01T10:52:17","guid":{"rendered":"https:\/\/demo.lxp.fi\/tyko\/?page_id=2"},"modified":"2026-04-13T21:25:06","modified_gmt":"2026-04-13T18:25:06","slug":"etusivu","status":"publish","type":"page","link":"https:\/\/demo.lxp.fi\/tyko\/","title":{"rendered":"Tervetuloa"},"content":{"rendered":"\n<div class=\"wp-block-group\"><div class=\"wp-block-group__inner-container is-layout-constrained wp-block-group-is-layout-constrained\"><div class=\"wp-block-image is-style-default\">\n<figure class=\"alignright size-large is-resized\"><a href=\"https:\/\/www.kuopio.fi\/2026\/04\/09\/kuopion-lukioissa-jarjestetaan-toista-kertaa-tyoelama-ja-korkeakouluviikko-13-17-4\/\"><img decoding=\"async\" src=\"https:\/\/www.kuopio.fi\/app\/uploads\/2026\/04\/tykokuva2026b-3-1024x623.png\" alt=\"\" style=\"aspect-ratio:1.4103558282208588;width:386px;height:auto\"\/><\/a><\/figure>\n<\/div>\n\n\n<h2 class=\"wp-block-heading\">Mobien CompetenceX teko\u00e4lyohjatulle koulutusalustalle.<\/h2>\n<\/div><\/div>\n\n\n\n<p>Kahden p\u00e4iv\u00e4n aikana opiskelijat saavat laajan ja syv\u00e4llisen kuvan siit\u00e4, mit\u00e4 nykyajan ty\u00f6skentely modernissa EdTech-alan yrityksess\u00e4 on sek\u00e4 millaisia ominaisuuksia t\u00e4ll\u00e4 alalla tarvitaan. Lis\u00e4ksi millaisia opiskelumahdollisuuksia Kood\/Sisu-kouluj\u00e4rjestelm\u00e4 tarjoaa nuorille sek\u00e4 millaista on ty\u00f6skennell\u00e4 Kood\/Sisu-koulussa.<\/p>\n\n\n\n<p>P\u00e4ivien aikana jokaisella lukiolaisella on mahdollisuus tehd\u00e4 itse teko\u00e4lyavusteisesti kursseja, joita he voivat liitt\u00e4\u00e4 omaan raporttiinsa ja TYKO-viikon teht\u00e4viin. T\u00e4m\u00e4 demoymp\u00e4rist\u00f6 on luotu TYKO-viikolla ty\u00f6el\u00e4m\u00e4\u00e4n tutustuville lukion opiskelijoille.<\/p>\n\n\n\n<h4 class=\"wp-block-heading\">Kuuntele TYKO-viikon aloituspodcast!<\/h4>\n\n\n\n<figure class=\"wp-block-audio\"><audio controls src=\"https:\/\/demo.lxp.fi\/tyko\/wp-content\/uploads\/sites\/75\/2026\/04\/Kuopion-lukioiden-tyoelama-ja-korkeakouluviikko-69dbb17e67ab4.mp3\"><\/audio><\/figure>\n\n\n\n<h2 class=\"wp-block-heading\">Kuopion lukioiden ty\u00f6el\u00e4m\u00e4- ja korkeakouluviikko<\/h2>\n\n\n\n<p>Kuopion lukioissa toteutettava Ty\u00f6el\u00e4m\u00e4- ja korkeakouluviikko (TYKO-viikko) tarjoaa lukiolaisille mahdollisuuden tutustua ty\u00f6el\u00e4m\u00e4\u00e4n ja korkeakouluopintoihin osana lukio-opintoja<\/p>\n\n\n\n<h2 class=\"wp-block-heading\"><strong>Mik\u00e4 on TYKO-viikko?<\/strong><\/h2>\n\n\n\n<p>Ty\u00f6el\u00e4m\u00e4- ja korkeakouluviikko on toimintamuoto, joka tuo lukiolaiset entist\u00e4 l\u00e4heisemmin kosketuksiin ty\u00f6el\u00e4m\u00e4n ja korkeakoulujen kanssa. Viikolle osallistuvat kaikki Kuopion lukiolaiset lukuun ottamatta aikuislukion opiskelijoita.<\/p>\n\n\n\n<p>Ensimm\u00e4isen vuoden opiskelijat tutustuvat viikon aikana ty\u00f6el\u00e4m\u00e4\u00e4n, ja toisen vuoden sek\u00e4 nelj\u00e4nnelle vuosiluokalle siirtyv\u00e4t opiskelijat korkeakouluopintoihin.<\/p>\n\n\n\n<p>Viikon aikana ei ole tavallisia oppitunteja, vaan TYKO-viikolle on oma lukuj\u00e4rjestys. Toimintaa j\u00e4rjestet\u00e4\u00e4n muuallakin kuin omassa lukiossa. TYKO-viikolla suoritetuista opinnoista opiskelijat saavat opintojaksosuorituksen, joka luetaan mukaan lukion oppim\u00e4\u00e4r\u00e4\u00e4n.<\/p>\n\n\n\n<p>TYKO-viikko vastaa lukiolain ja lukion opetussuunnitelman vaatimuksiin. Lukiolaki velvoittaa lukioita yhteisty\u00f6h\u00f6n korkeakoulujen sek\u00e4 ty\u00f6- ja elinkeinoel\u00e4m\u00e4n toimijoiden kanssa. Opetussuunnitelman mukaan lukiossa syvennet\u00e4\u00e4n opiskelijan yritt\u00e4jyys- ja ty\u00f6el\u00e4m\u00e4valmiuksia ja ty\u00f6el\u00e4m\u00e4n tuntemusta sek\u00e4 kehitet\u00e4\u00e4n lukion, yritysten ja kolmannen sektorin v\u00e4lisi\u00e4 yhteisty\u00f6muotoja.&nbsp;<\/p>\n\n\n\n<h2 class=\"wp-block-heading\"><strong>Ty\u00f6el\u00e4m\u00e4viikko kehitt\u00e4\u00e4 k\u00e4yt\u00e4nn\u00f6n ty\u00f6el\u00e4m\u00e4taitoja<\/strong><\/h2>\n\n\n\n<p>Ty\u00f6el\u00e4m\u00e4viikon tavoitteena on kehitt\u00e4\u00e4 opiskelijoiden ty\u00f6el\u00e4m\u00e4taitoja ja tutustua ty\u00f6el\u00e4m\u00e4\u00e4n joko itse valitsemassaan ja hakemassaan ty\u00f6paikassa tai lukioiden j\u00e4rjest\u00e4miss\u00e4 ohjatuissa toteutuksissa kahden p\u00e4iv\u00e4n ajan (maanantai \u2013 tiistai). Ohjatut p\u00e4iv\u00e4t toteutetaan yhteisty\u00f6ss\u00e4 <a href=\"https:\/\/ilmavoimat.fi\/karjalan-lennosto\" target=\"_blank\" rel=\"noreferrer noopener\">Karjalan lennoston<\/a>, <a href=\"https:\/\/www.mondigroup.com\/\" target=\"_blank\" rel=\"noreferrer noopener\">Mondin<\/a>, <a href=\"https:\/\/pshyvinvointialue.fi\/\" target=\"_blank\" rel=\"noreferrer noopener\">Pohjois-Savon hyvinvointialueen<\/a>, <a href=\"https:\/\/finland.representation.ec.europa.eu\/index_fi\" target=\"_blank\" rel=\"noreferrer noopener\">Euroopan komission Suomen k\u00e4\u00e4nn\u00f6sosaston<\/a>, <a href=\"https:\/\/salibandy.fi\/\" target=\"_blank\" rel=\"noreferrer noopener\">Suomen Salibandyliiton<\/a> ja <a href=\"https:\/\/www.finhockey.fi\/index.php\/alueet\" target=\"_blank\" rel=\"noreferrer noopener\">J\u00e4\u00e4kiekkoliiton aluevalmennuksen<\/a> sek\u00e4 <a href=\"https:\/\/www.mobie.fi\/\" target=\"_blank\" rel=\"noreferrer noopener\">Mobien<\/a> ja <a href=\"https:\/\/koodsisu.fi\/\" target=\"_blank\" rel=\"noreferrer noopener\">Kood\/Sisu -koodikoulun<\/a> kanssa.<\/p>\n\n\n\n<h2 class=\"wp-block-heading\">Ohjelma:<\/h2>\n\n\n\n<div data-wp-interactive=\"core\/file\" class=\"wp-block-file has-white-background-color has-background\"><object data-wp-bind--hidden=\"!state.hasPdfPreview\" hidden class=\"wp-block-file__embed\" data=\"https:\/\/demo.lxp.fi\/tyko\/wp-content\/uploads\/sites\/75\/2026\/04\/Mobie-ja-Koodikoulu-ohjelma-13.-14.4.2026-1.pdf\" type=\"application\/pdf\" style=\"width:100%;height:536px\" aria-label=\"Tiedoston Mobie ja Koodikoulu ohjelma 13.-14.4.2026 upotus.\"><\/object><a id=\"wp-block-file--media-40723c6e-7d7c-4d84-bdd6-1173742ccb3b\" href=\"https:\/\/demo.lxp.fi\/tyko\/wp-content\/uploads\/sites\/75\/2026\/04\/Mobie-ja-Koodikoulu-ohjelma-13.-14.4.2026-1.pdf\">Mobie ja Koodikoulu ohjelma 13.-14.4.2026<\/a><\/div>\n\n\n\n<p>T\u00e4lle sivulle p\u00e4ivitet\u00e4\u00e4n lis\u00e4ohjeita, ja sit\u00e4 muokataan t\u00e4m\u00e4n viikon aikana. Kurssit voivat olla aktiivisina t\u00e4ll\u00e4 alustalla lukuvuoden loppuun asti.<\/p>\n\n\n\n<h2 class=\"wp-block-heading\">Teht\u00e4v\u00e4 opiskelijoille<\/h2>\n\n\n\n<div data-wp-interactive=\"core\/file\" class=\"wp-block-file\"><object data-wp-bind--hidden=\"!state.hasPdfPreview\" hidden class=\"wp-block-file__embed\" data=\"https:\/\/demo.lxp.fi\/tyko\/wp-content\/uploads\/sites\/75\/2026\/04\/TYKO_Mobie_workshop2026.pdf\" type=\"application\/pdf\" style=\"width:100%;height:1000px\" aria-label=\"Tiedoston TYKO_Mobie_workshop2026 upotus.\"><\/object><a id=\"wp-block-file--media-d92e7a59-558d-4296-b4e4-b9eea77f524d\" href=\"https:\/\/demo.lxp.fi\/tyko\/wp-content\/uploads\/sites\/75\/2026\/04\/TYKO_Mobie_workshop2026.pdf\">TYKO_Mobie_workshop2026<\/a><\/div>\n\n\n\n<h1 class=\"wp-block-heading\">Ohjevideoita CompetenceX AI toiminnallisuuksiin<\/h1>\n\n\n\n<h2 class=\"wp-block-heading\">Kurssin rakentaminen AI avustajalla<\/h2>\n\n\n\n<figure class=\"wp-block-embed is-type-video is-provider-youtube wp-block-embed-youtube wp-embed-aspect-16-9 wp-has-aspect-ratio\"><div class=\"wp-block-embed__wrapper\">\n<iframe loading=\"lazy\" title=\"Ohjevideo 1: Teko\u00e4lyavusteisen kurssirakentajan k\u00e4ytt\u00f6\" width=\"640\" height=\"360\" src=\"https:\/\/www.youtube.com\/embed\/vVKQ7Whk_uo?feature=oembed\" frameborder=\"0\" allow=\"accelerometer; autoplay; clipboard-write; encrypted-media; gyroscope; picture-in-picture; web-share\" referrerpolicy=\"strict-origin-when-cross-origin\" allowfullscreen><\/iframe>\n<\/div><\/figure>\n\n\n\n<h2 class=\"wp-block-heading\">Kurssin kuvittamisen AI-ty\u00f6kalu.<\/h2>\n\n\n\n<figure class=\"wp-block-embed is-type-video is-provider-youtube wp-block-embed-youtube wp-embed-aspect-16-9 wp-has-aspect-ratio\"><div class=\"wp-block-embed__wrapper\">\n<iframe loading=\"lazy\" title=\"Ohjevideo 2:  Kurssikuvittaja\" width=\"640\" height=\"360\" src=\"https:\/\/www.youtube.com\/embed\/oOtgjQqKGyk?feature=oembed\" frameborder=\"0\" allow=\"accelerometer; autoplay; clipboard-write; encrypted-media; gyroscope; picture-in-picture; web-share\" referrerpolicy=\"strict-origin-when-cross-origin\" allowfullscreen><\/iframe>\n<\/div><\/figure>\n\n\n\n<h2 class=\"wp-block-heading\">Teht\u00e4vien tekeminen kurssille AI avusteisesti<\/h2>\n\n\n\n<figure class=\"wp-block-embed is-type-video is-provider-youtube wp-block-embed-youtube wp-embed-aspect-16-9 wp-has-aspect-ratio\"><div class=\"wp-block-embed__wrapper\">\n<iframe loading=\"lazy\" title=\"Ohjevideo 3: Koerakentaja\" width=\"640\" height=\"360\" src=\"https:\/\/www.youtube.com\/embed\/9Yyq_P7pOL4?feature=oembed\" frameborder=\"0\" allow=\"accelerometer; autoplay; clipboard-write; encrypted-media; gyroscope; picture-in-picture; web-share\" referrerpolicy=\"strict-origin-when-cross-origin\" allowfullscreen><\/iframe>\n<\/div><\/figure>\n\n\n\n<h2 class=\"wp-block-heading\">AI-podcast<\/h2>\n\n\n\n<figure class=\"wp-block-embed is-type-video is-provider-youtube wp-block-embed-youtube wp-embed-aspect-16-9 wp-has-aspect-ratio\"><div class=\"wp-block-embed__wrapper\">\n<iframe loading=\"lazy\" title=\"Ohjevideo 4: AI-podcast\" width=\"640\" height=\"360\" src=\"https:\/\/www.youtube.com\/embed\/skzdNAQxndA?feature=oembed\" frameborder=\"0\" allow=\"accelerometer; autoplay; clipboard-write; encrypted-media; gyroscope; picture-in-picture; web-share\" referrerpolicy=\"strict-origin-when-cross-origin\" allowfullscreen><\/iframe>\n<\/div><\/figure>\n","protected":false},"excerpt":{"rendered":"<p>Mobien CompetenceX teko\u00e4lyohjatulle koulutusalustalle. Kahden p\u00e4iv\u00e4n aikana opiskelijat saavat laajan ja syv\u00e4llisen kuvan siit\u00e4, mit\u00e4 nykyajan ty\u00f6skentely modernissa EdTech-alan yrityksess\u00e4 on sek\u00e4 millaisia ominaisuuksia t\u00e4ll\u00e4&hellip;<\/p>\n","protected":false},"author":1,"featured_media":0,"parent":0,"menu_order":0,"comment_status":"closed","ping_status":"closed","template":"","meta":{"footnotes":""},"class_list":["post-2","page","type-page","status-publish","hentry"],"_links":{"self":[{"href":"https:\/\/demo.lxp.fi\/tyko\/wp-json\/wp\/v2\/pages\/2","targetHints":{"allow":["GET"]}}],"collection":[{"href":"https:\/\/demo.lxp.fi\/tyko\/wp-json\/wp\/v2\/pages"}],"about":[{"href":"https:\/\/demo.lxp.fi\/tyko\/wp-json\/wp\/v2\/types\/page"}],"author":[{"embeddable":true,"href":"https:\/\/demo.lxp.fi\/tyko\/wp-json\/wp\/v2\/users\/1"}],"replies":[{"embeddable":true,"href":"https:\/\/demo.lxp.fi\/tyko\/wp-json\/wp\/v2\/comments?post=2"}],"version-history":[{"count":46,"href":"https:\/\/demo.lxp.fi\/tyko\/wp-json\/wp\/v2\/pages\/2\/revisions"}],"predecessor-version":[{"id":641,"href":"https:\/\/demo.lxp.fi\/tyko\/wp-json\/wp\/v2\/pages\/2\/revisions\/641"}],"wp:attachment":[{"href":"https:\/\/demo.lxp.fi\/tyko\/wp-json\/wp\/v2\/media?parent=2"}],"curies":[{"name":"wp","href":"https:\/\/api.w.org\/{rel}","templated":true}]}}